{"id":465,"date":"2025-11-28T13:56:28","date_gmt":"2025-11-28T12:56:28","guid":{"rendered":"https:\/\/www.b-c-balance.de\/wp\/?page_id=465"},"modified":"2025-12-04T09:20:30","modified_gmt":"2025-12-04T08:20:30","slug":"kinesiologische-sitzung","status":"publish","type":"page","link":"https:\/\/b-c-balance.de\/?page_id=465","title":{"rendered":"Kinesiologische Sitzung"},"content":{"rendered":"\n<p>Stress kennt jeder: er belastet uns und unsere Mitmenschen. Oft wissen wir, was uns stresst: z.B. Lernen, Pr\u00fcfungen, unsere Familiensituation, die Birkenpollen, Migr\u00e4ne oder bestimmte Nahrungsmittel. H\u00e4ufig r\u00e4tseln wir, was der urspr\u00fcngliche Ausl\u00f6ser ist.<\/p>\n\n\n\n<div class=\"wp-block-columns is-layout-flex wp-container-core-columns-is-layout-9d6595d7 wp-block-columns-is-layout-flex\">\n<div class=\"wp-block-column is-vertically-aligned-center is-layout-flow wp-block-column-is-layout-flow\" style=\"flex-basis:34%\">\n<figure class=\"wp-block-image alignfull size-full\"><img loading=\"lazy\" decoding=\"async\" width=\"1024\" height=\"1024\" src=\"https:\/\/www.b-c-balance.de\/wp\/wp-content\/uploads\/2025\/12\/Sitzung1.png\" alt=\"\" class=\"wp-image-597\" srcset=\"https:\/\/b-c-balance.de\/wp-content\/uploads\/2025\/12\/Sitzung1.png 1024w, https:\/\/b-c-balance.de\/wp-content\/uploads\/2025\/12\/Sitzung1-300x300.png 300w, https:\/\/b-c-balance.de\/wp-content\/uploads\/2025\/12\/Sitzung1-150x150.png 150w, https:\/\/b-c-balance.de\/wp-content\/uploads\/2025\/12\/Sitzung1-768x768.png 768w, https:\/\/b-c-balance.de\/wp-content\/uploads\/2025\/12\/Sitzung1-600x600.png 600w\" sizes=\"auto, (max-width: 1024px) 100vw, 1024px\" \/><\/figure>\n<\/div>\n\n\n\n<div class=\"wp-block-column is-vertically-aligned-center is-layout-flow wp-block-column-is-layout-flow\" style=\"flex-basis:60%\">\n<p style=\"text-align: justify;\">Stressausl\u00f6sende Ver\u00e4nderungen, Situationen oder Einfl\u00fcsse sind im Unterbewusstsein gespeichert, z.B. Familiensituation, Trennungen, Umzug, Kindergarten- und Schulbeginn, Lern- und Pr\u00fcfungsdruck, Misserfolge, Ver\u00e4nderungen am Arbeitsplatz, Elektrosmog oder Substanzen in unserer Umwelt. Was den Einen belastet, ist f\u00fcr den Anderen nicht von Bedeutung.<\/p>\n\n\n\n<p style=\"text-align: justify;\">Als Professionelle Kinesiologin unterst\u00fctze ich Sie darin, den vorhandenen Stress an seiner Wurzel zu packen und abzubauen. W\u00e4hrend der Sitzung arbeite ich mit dem Muskeltest (meistens Armmuskel), um so die neuesten Ergebnisse der Gehirnforschung mit den seit 2000 Jahren bekannten Akupressurpunkten zu verkn\u00fcpfen. Die Sitzung ist entspannend und schmerzfrei.<\/p>\n\n\n\n<p style=\"text-align: justify;\">Bei der Sitzung mit Kindern sind die Eltern grunds\u00e4tzlich eingeladen anwesend zu sein. In erster Linie ist jedoch das Kind mein Ansprechpartner. Zur optimalen Vorbereitung f\u00fchre ich ein ausf\u00fchrliches Gespr\u00e4ch mit den Eltern.<\/p>\n\n\n\n<p>Wie viele Sitzungen notwendig sind, ist in jeden einzelnen Fall unterschiedlich.<\/p>\n<\/div>\n<\/div>\n","protected":false},"excerpt":{"rendered":"<p>Stress kennt jeder: er belastet uns und unsere Mitmenschen. Oft wissen wir, was uns stresst: z.B. Lernen, Pr\u00fcfungen, unsere Familiensituation, die Birkenpollen, Migr\u00e4ne oder bestimmte Nahrungsmittel. H\u00e4ufig r\u00e4tseln wir, was der urspr\u00fcngliche Ausl\u00f6ser ist. Stressausl\u00f6sende Ver\u00e4nderungen, Situationen oder Einfl\u00fcsse sind im Unterbewusstsein gespeichert, z.B. Familiensituation, Trennungen, Umzug, Kindergarten- und Schulbeginn, Lern- und Pr\u00fcfungsdruck, Misserfolge, Ver\u00e4nderungen [&hellip;]<\/p>\n","protected":false},"author":1,"featured_media":0,"parent":0,"menu_order":0,"comment_status":"closed","ping_status":"closed","template":"","meta":{"footnotes":""},"class_list":["post-465","page","type-page","status-publish","hentry"],"_links":{"self":[{"href":"https:\/\/b-c-balance.de\/index.php?rest_route=\/wp\/v2\/pages\/465","targetHints":{"allow":["GET"]}}],"collection":[{"href":"https:\/\/b-c-balance.de\/index.php?rest_route=\/wp\/v2\/pages"}],"about":[{"href":"https:\/\/b-c-balance.de\/index.php?rest_route=\/wp\/v2\/types\/page"}],"author":[{"embeddable":true,"href":"https:\/\/b-c-balance.de\/index.php?rest_route=\/wp\/v2\/users\/1"}],"replies":[{"embeddable":true,"href":"https:\/\/b-c-balance.de\/index.php?rest_route=%2Fwp%2Fv2%2Fcomments&post=465"}],"version-history":[{"count":22,"href":"https:\/\/b-c-balance.de\/index.php?rest_route=\/wp\/v2\/pages\/465\/revisions"}],"predecessor-version":[{"id":608,"href":"https:\/\/b-c-balance.de\/index.php?rest_route=\/wp\/v2\/pages\/465\/revisions\/608"}],"wp:attachment":[{"href":"https:\/\/b-c-balance.de\/index.php?rest_route=%2Fwp%2Fv2%2Fmedia&parent=465"}],"curies":[{"name":"wp","href":"https:\/\/api.w.org\/{rel}","templated":true}]}}