{"id":450,"date":"2025-11-28T13:50:02","date_gmt":"2025-11-28T12:50:02","guid":{"rendered":"https:\/\/www.b-c-balance.de\/wp\/?page_id=450"},"modified":"2025-12-05T11:02:09","modified_gmt":"2025-12-05T10:02:09","slug":"kinesiologie-gehirn","status":"publish","type":"page","link":"https:\/\/b-c-balance.de\/?page_id=450","title":{"rendered":"Kinesiologie Gehirn"},"content":{"rendered":"\n<p class=\"has-text-align-center\"><strong>\u201eDie Schalt- und Integrationszentrale des Menschen ist das Gehirn. Seine Hauptaufgabe ist es, das menschliche Leben zu sichern, zu \u00fcberwachen und zu steuern, erst in zweiter Linie ist es f\u00fcr unser Denken, Handeln, unser F\u00fchlen und unsere Instinkte zust\u00e4ndig.\u201c<\/strong><\/p>\n\n\n\n<p class=\"has-text-align-center\"><strong>Alfred Schatz<\/strong><\/p>\n\n\n\n<hr class=\"wp-block-separator has-alpha-channel-opacity\"\/>\n\n\n\n<div class=\"wp-block-columns is-layout-flex wp-container-core-columns-is-layout-9d6595d7 wp-block-columns-is-layout-flex\">\n<div class=\"wp-block-column is-vertically-aligned-center is-layout-flow wp-block-column-is-layout-flow\" style=\"flex-basis:27%\">\n<figure class=\"wp-block-image alignfull size-full\"><img loading=\"lazy\" decoding=\"async\" width=\"186\" height=\"190\" src=\"https:\/\/www.b-c-balance.de\/wp-content\/uploads\/2025\/12\/Gehirncoach.jpg\" alt=\"\" class=\"wp-image-564\"\/><\/figure>\n<\/div>\n\n\n\n<div class=\"wp-block-column is-vertically-aligned-center is-layout-flow wp-block-column-is-layout-flow\" style=\"flex-basis:60%\">\n<p><p style=\"text-align: justify;\">Wer kennt sie nicht, die Stresssituationen in denen wir keine objektive Entscheidung mehr f\u00e4llen k\u00f6nnen, oder dass, was wir gelernt haben, einfach weg ist. Unser Gehirn ist blockiert. Durch Stress haben wir einfach keinen oder nur noch zum Teil Zugriff auf die Informationen in unserem Gehirn.<\/p><\/p>\n\n\n\n<p><p style=\"text-align: justify;\">Um aber im Alltag die richtigen Entscheidungen treffen zu k\u00f6nnen, ist es wichtig, dass wir in jeder Situation, sowohl bei positivem und vor allem bei negativem Stress, Zugang zu unseren Informationen in unserem Gehirn haben.<\/p><\/p>\n\n\n\n<p><p style=\"text-align: justify;\">Das schrittweise aufgebaute kinesiologisches Akupressurpunkte-Programm erm\u00f6glicht uns den Zugang zu spezifischen Gehirnfunktionen, die F\u00e4higkeit, diese Gehirnfunktionen zu integrieren und das Aufrechterhalten der Integration dieser Funktionen bei unterschiedlichen Stressbelastungen.<\/p><\/p>\n<\/div>\n<\/div>\n\n\n\n<hr class=\"wp-block-separator has-alpha-channel-opacity\"\/>\n\n\n\n<p class=\"has-text-align-center\"><strong>\u201eJeder Gedanke, jedes Gef\u00fchl, jede Handlung, jede Erinnerung, jede Wahrnehmung wird durch Aktivit\u00e4t des Gehirns und Nervensystems gesteuert. Hier liegt die Quelle der Ver\u00e4nderung.\u201c<\/strong><\/p>\n\n\n\n<p class=\"has-text-align-center\"><strong>Alfred Schatz<\/strong><\/p>\n\n\n\n<hr class=\"wp-block-separator has-alpha-channel-opacity\"\/>\n\n\n\n<p class=\"has-text-align-center\">&#8230;etwas zum Schmunzeln:<\/p>\n\n\n\n<p class=\"has-text-align-center\">\u201eMit dem Gehirn denkt man, dass man denkt. Au\u00dferdem wird es f\u00fcr die Kopfschmerzen gebraucht. Es sitzt im Kopf direkt hinter der Nase. Wenn man niest, tropft es.<\/p>\n\n\n\n<p class=\"has-text-align-center\">Das Gehirn ist ein sehr empfindliches Organ. Die meisten Leute benutzen es deshalb nur ganz selten!\u201c<\/p>\n\n\n\n<p class=\"has-text-align-center\"><strong>Eine Sch\u00fclerin aus der 4. Klasse<\/strong><\/p>\n","protected":false},"excerpt":{"rendered":"<p>\u201eDie Schalt- und Integrationszentrale des Menschen ist das Gehirn. Seine Hauptaufgabe ist es, das menschliche Leben zu sichern, zu \u00fcberwachen und zu steuern, erst in zweiter Linie ist es f\u00fcr unser Denken, Handeln, unser F\u00fchlen und unsere Instinkte zust\u00e4ndig.\u201c Alfred Schatz Wer kennt sie nicht, die Stresssituationen in denen wir keine objektive Entscheidung mehr f\u00e4llen [&hellip;]<\/p>\n","protected":false},"author":1,"featured_media":0,"parent":0,"menu_order":0,"comment_status":"closed","ping_status":"closed","template":"","meta":{"footnotes":""},"class_list":["post-450","page","type-page","status-publish","hentry"],"_links":{"self":[{"href":"https:\/\/b-c-balance.de\/index.php?rest_route=\/wp\/v2\/pages\/450","targetHints":{"allow":["GET"]}}],"collection":[{"href":"https:\/\/b-c-balance.de\/index.php?rest_route=\/wp\/v2\/pages"}],"about":[{"href":"https:\/\/b-c-balance.de\/index.php?rest_route=\/wp\/v2\/types\/page"}],"author":[{"embeddable":true,"href":"https:\/\/b-c-balance.de\/index.php?rest_route=\/wp\/v2\/users\/1"}],"replies":[{"embeddable":true,"href":"https:\/\/b-c-balance.de\/index.php?rest_route=%2Fwp%2Fv2%2Fcomments&post=450"}],"version-history":[{"count":27,"href":"https:\/\/b-c-balance.de\/index.php?rest_route=\/wp\/v2\/pages\/450\/revisions"}],"predecessor-version":[{"id":624,"href":"https:\/\/b-c-balance.de\/index.php?rest_route=\/wp\/v2\/pages\/450\/revisions\/624"}],"wp:attachment":[{"href":"https:\/\/b-c-balance.de\/index.php?rest_route=%2Fwp%2Fv2%2Fmedia&parent=450"}],"curies":[{"name":"wp","href":"https:\/\/api.w.org\/{rel}","templated":true}]}}