{"id":399,"date":"2025-11-28T11:21:12","date_gmt":"2025-11-28T10:21:12","guid":{"rendered":"https:\/\/www.b-c-balance.de\/wp\/?page_id=399"},"modified":"2025-11-28T11:24:46","modified_gmt":"2025-11-28T10:24:46","slug":"haemopyrrollaktamurie","status":"publish","type":"page","link":"https:\/\/b-c-balance.de\/?page_id=399","title":{"rendered":"H\u00e4mopyrrollaktamurie"},"content":{"rendered":"\n<p><strong>Was ist H\u00e4mopyrrollaktamurie (HPU)<\/strong><\/p>\n\n\n\n<p>Die Stoffwechsel- und Entgiftungsst\u00f6rung H\u00e4mopyrrollaktamurie (HPU)&nbsp;ist&nbsp;eine genetisch famili\u00e4r geh\u00e4uft auftretende Enzym-St\u00f6rung der H\u00e4m-Synthese, die auch durch HWS-Trauma oder Schwermetallbelastung ausgel\u00f6st werden kann. Diese genetische biochemische St\u00f6rung beeintr\u00e4chtigt die Produktion von H\u00e4m (rote Blutk\u00f6rperchen).<\/p>\n\n\n\n<p><strong>H\u00e4m&nbsp;ist eine Porphyrin, kommt als&nbsp;<\/strong>organisch-chemische Verbindungen vor und besteht aus vier&nbsp;<strong>Pyrrol-Ringen.<\/strong>&nbsp;H\u00e4m ist nicht nur ein wichtiger Bestandteil von H\u00e4moglobin (eisenhaltiger roter Blutfarbstoff in den Erythrozyten, rote Blutk\u00f6rperchen), sondern auch ein wichtiger Baustein f\u00fcr Myoglobin (Muskelprotein).<\/p>\n\n\n\n<p>Die HPU ist bis jetzt bei ca. 30-40% der Menschen und bei ca. 10-12% der Pferde nachgewiesen.<\/p>\n\n\n\n<p>Bei Pferden ist die N\u00e4hrstoffarmut der B\u00f6den ein wichtiger Faktor, der die HPU beeinflusst. In Regionen, wo z.B. die B\u00f6den sehr arm an Selen sind, entwickeln Pferde h\u00e4ufig Haut- und Leberprobleme.<\/p>\n\n\n\n<p><strong>Funktionsst\u00f6rung<\/strong><\/p>\n\n\n\n<p>Liegt eine&nbsp;Funktionsst\u00f6rung des Enzyms vor,&nbsp;welches das Pyrrol (Porphobilinogen) in das Porphyrin (Hydroxymethylbilan) umwandelt, wird kein H\u00e4m produziert und es entsteht der \u201eMauve-Factor\u201c, die so genannte Pyrrolurie.<\/p>\n\n\n\n<p>Pyrrole kommen im gesunden Stoffwechsel als Abbauprodukte des Eiwei\u00dfstoffwechsels vor. Da Pyrrole nach Gebrauch toxisch sind, werden sie in der Galle umgewandelt, dadurch werden sie ungiftig und \u00fcber die Galle und den Darm ausgeschieden.<\/p>\n\n\n\n<p>Durch die&nbsp;Funktionsst\u00f6rung&nbsp;fallen jedoch mehr giftige Pyrrole im Blut an die nicht mehr \u00fcber die Galle umgewandelt werden k\u00f6nnen. Um die giftigen Pyrrole ausscheiden zu k\u00f6nnen koppeln sie sich an das&nbsp;<strong>aktive Vitamin B<sub>6<\/sub>&nbsp;(P5P)&nbsp;und Zink an und werden so \u00fcber die Niere im Urin ausg&nbsp;<\/strong>eschieden. Zugleich f\u00fchrt dies zu einem Abfall der Konzentration des aktive Vitamin B<sub>6<\/sub>&nbsp;(P5P) und des Zinks.<\/p>\n\n\n\n<p><strong>Aktives Vitamin B6 ist an folgenden Funktionen beteiligt:<\/strong><\/p>\n\n\n\n<p>z.B.<\/p>\n\n\n\n<ul class=\"wp-block-list\">\n<li>H\u00e4moglobinbildung<\/li>\n\n\n\n<li>Blutgerinnung<\/li>\n\n\n\n<li>Kohlenhydrat- und Eiwei\u00dfstoffwechsel<\/li>\n\n\n\n<li>Freisetzung von Glukose aus Glykogen<\/li>\n\n\n\n<li>Ca. 100 enzymatische Reaktionen im Aminos\u00e4urenstoffwechsel<\/li>\n\n\n\n<li>Hormonstoffwechsel<\/li>\n\n\n\n<li>Bildung von Neurotransmitter<\/li>\n\n\n\n<li>Bildung von&nbsp;Nukleins\u00e4uren<\/li>\n\n\n\n<li>Quervernetzung von Bindegeweben\/ Elastizit\u00e4t<\/li>\n\n\n\n<li>und vielen anderen Stoffwechselprozessen<\/li>\n<\/ul>\n\n\n\n<p><strong>Zink&nbsp;ist an folgenden Funktionen beteiligt:<\/strong><\/p>\n\n\n\n<p>z.B.<\/p>\n\n\n\n<ul class=\"wp-block-list\">\n<li>DNA- und RNA-Struktur<\/li>\n\n\n\n<li>Insulinbildung<\/li>\n\n\n\n<li>Schilddr\u00fcsen-, Sexual- und Wachstumshormone<\/li>\n\n\n\n<li>Eiwei\u00df-, Fett- und Kohlenhydratstoffwechsels<\/li>\n\n\n\n<li>Sauerstoff- und Eisentransport<\/li>\n\n\n\n<li>Cofaktor f\u00fcr Entgiftungsenzyme<\/li>\n\n\n\n<li>34 weitere Enzyme die 54 Gene kodieren<\/li>\n\n\n\n<li>Atmungskette in den Mitochondrien<\/li>\n\n\n\n<li>Immunsystem<\/li>\n\n\n\n<li>beeinflusst Sinnesfunktionen wie riechen, schmecken, sehen und h\u00f6ren<\/li>\n\n\n\n<li>und vielen anderen Stoffwechselprozessen<\/li>\n<\/ul>\n\n\n\n<p>Durch den st\u00e4ndigen Verlust von&nbsp;aktivem Vitamin B<sub>6<\/sub>&nbsp;(P5P) und Zink entsteht ein Mangel in allen Bereichen, wo aktives Vitamin B<sub>6<\/sub>&nbsp;(P5P) und Zink f\u00fcr den Stoffwechsel gebraucht werden.<\/p>\n\n\n\n<p><strong>H\u00e4ufige Probleme:<\/strong><\/p>\n\n\n\n<p><strong>z.B.<\/strong><\/p>\n\n\n\n<ul class=\"wp-block-list\">\n<li>Hypermobilit\u00e4t der Gelenke<\/li>\n\n\n\n<li>Beckeninstabilit\u00e4t<\/li>\n\n\n\n<li>Konzentrationsprobleme<\/li>\n\n\n\n<li>Licht- und Ger\u00e4uschempfindlichkeit<\/li>\n\n\n\n<li>Schmerzempfindlichkeit<\/li>\n\n\n\n<li>Enzymstoffwechsel<\/li>\n\n\n\n<li>Entgiftungsprozesse in der Leber<\/li>\n\n\n\n<li>Sauerstoff- und Eisentransport<\/li>\n\n\n\n<li>Neutralisierung reaktiver Sauerstoffspezies<\/li>\n\n\n\n<li>Glykogen Stoffwechsel<\/li>\n\n\n\n<li>Steroidhormonbiosynthese<\/li>\n\n\n\n<li>\u00d6strogenabbau<\/li>\n\n\n\n<li>Schilddr\u00fcsenhormonproduktion<\/li>\n\n\n\n<li>Gallens\u00e4urebiochemie<\/li>\n\n\n\n<li>Vitamin D-Biochemie<\/li>\n\n\n\n<li>Uvm.<\/li>\n<\/ul>\n\n\n\n<p><\/p>\n","protected":false},"excerpt":{"rendered":"<p>Was ist H\u00e4mopyrrollaktamurie (HPU) Die Stoffwechsel- und Entgiftungsst\u00f6rung H\u00e4mopyrrollaktamurie (HPU)&nbsp;ist&nbsp;eine genetisch famili\u00e4r geh\u00e4uft auftretende Enzym-St\u00f6rung der H\u00e4m-Synthese, die auch durch HWS-Trauma oder Schwermetallbelastung ausgel\u00f6st werden kann. Diese genetische biochemische St\u00f6rung beeintr\u00e4chtigt die Produktion von H\u00e4m (rote Blutk\u00f6rperchen). H\u00e4m&nbsp;ist eine Porphyrin, kommt als&nbsp;organisch-chemische Verbindungen vor und besteht aus vier&nbsp;Pyrrol-Ringen.&nbsp;H\u00e4m ist nicht nur ein wichtiger Bestandteil von [&hellip;]<\/p>\n","protected":false},"author":1,"featured_media":0,"parent":0,"menu_order":0,"comment_status":"closed","ping_status":"closed","template":"","meta":{"footnotes":""},"class_list":["post-399","page","type-page","status-publish","hentry"],"_links":{"self":[{"href":"https:\/\/b-c-balance.de\/index.php?rest_route=\/wp\/v2\/pages\/399","targetHints":{"allow":["GET"]}}],"collection":[{"href":"https:\/\/b-c-balance.de\/index.php?rest_route=\/wp\/v2\/pages"}],"about":[{"href":"https:\/\/b-c-balance.de\/index.php?rest_route=\/wp\/v2\/types\/page"}],"author":[{"embeddable":true,"href":"https:\/\/b-c-balance.de\/index.php?rest_route=\/wp\/v2\/users\/1"}],"replies":[{"embeddable":true,"href":"https:\/\/b-c-balance.de\/index.php?rest_route=%2Fwp%2Fv2%2Fcomments&post=399"}],"version-history":[{"count":3,"href":"https:\/\/b-c-balance.de\/index.php?rest_route=\/wp\/v2\/pages\/399\/revisions"}],"predecessor-version":[{"id":404,"href":"https:\/\/b-c-balance.de\/index.php?rest_route=\/wp\/v2\/pages\/399\/revisions\/404"}],"wp:attachment":[{"href":"https:\/\/b-c-balance.de\/index.php?rest_route=%2Fwp%2Fv2%2Fmedia&parent=399"}],"curies":[{"name":"wp","href":"https:\/\/api.w.org\/{rel}","templated":true}]}}