{"id":396,"date":"2025-11-28T11:19:35","date_gmt":"2025-11-28T10:19:35","guid":{"rendered":"https:\/\/www.b-c-balance.de\/wp\/?page_id=396"},"modified":"2025-12-05T11:03:49","modified_gmt":"2025-12-05T10:03:49","slug":"das-leap-programm","status":"publish","type":"page","link":"https:\/\/b-c-balance.de\/?page_id=396","title":{"rendered":"Das LEAP\u00ae\u00a0Programm"},"content":{"rendered":"\n<p><p style=\"text-align: justify;\">Das LEAP<strong><sup>\u00ae<\/sup>&nbsp;Programm (Learning Enhancement Advanced Program<sup>\u00ae<\/sup>) <\/strong>ist ein spezielles Programm zur Verbesserung der Lernf\u00e4higkeit und zur Integration spezifischer Gehirnfunktionen. Es gr\u00fcndet auf dem Modell, dass das Gehirn zwei separate aber komplement\u00e4re Arten der Verarbeitung hat, Logik und Gestalt. Obwohl wir wissen, dass sich diese Funktionen nicht ausschlie\u00dflich in der rechten und linken Hemisph\u00e4re befinden, wie es das popul\u00e4re Rechts\/Links- Hirnmodell nahe legt, scheint es so, als ob die \u201eLeit\u201c-Funktion, die man f\u00fcr die akademische Verarbeitung braucht, sich entweder in Logik oder Gestalt darstellen. Das Ziel des Programms liegt in der Verbesserung der Gehirnintegration und dem Aufbau der F\u00e4higkeit, diese unter verschiedenen Stressbedingungen zu erhalten.<\/p><\/p>\n\n\n\n<div class=\"wp-block-media-text is-stacked-on-mobile\" style=\"grid-template-columns:24% auto\"><figure class=\"wp-block-media-text__media\"><img loading=\"lazy\" decoding=\"async\" width=\"1024\" height=\"1024\" src=\"https:\/\/www.b-c-balance.de\/wp\/wp-content\/uploads\/2025\/12\/B3B70499-7DDE-42A4-80AF-AFA94FD4D2B0-1.png\" alt=\"\" class=\"wp-image-613 size-full\" srcset=\"https:\/\/b-c-balance.de\/wp-content\/uploads\/2025\/12\/B3B70499-7DDE-42A4-80AF-AFA94FD4D2B0-1.png 1024w, https:\/\/b-c-balance.de\/wp-content\/uploads\/2025\/12\/B3B70499-7DDE-42A4-80AF-AFA94FD4D2B0-1-300x300.png 300w, https:\/\/b-c-balance.de\/wp-content\/uploads\/2025\/12\/B3B70499-7DDE-42A4-80AF-AFA94FD4D2B0-1-150x150.png 150w, https:\/\/b-c-balance.de\/wp-content\/uploads\/2025\/12\/B3B70499-7DDE-42A4-80AF-AFA94FD4D2B0-1-768x768.png 768w, https:\/\/b-c-balance.de\/wp-content\/uploads\/2025\/12\/B3B70499-7DDE-42A4-80AF-AFA94FD4D2B0-1-600x600.png 600w\" sizes=\"auto, (max-width: 1024px) 100vw, 1024px\" \/><\/figure><div class=\"wp-block-media-text__content\">\n<p><p style=\"text-align: justify;\">Der Schwerpunkt des LEAP<sup>\u00ae<\/sup>&nbsp;Programms besteht darin, die <strong><strong>auditiven, visuellen und kin\u00e4sthet<\/strong>ischen<\/strong> Gehirnbereiche, die f\u00fcr das Lernen wichtig sind, zu integrieren. Die w\u00e4hrend des Setups gesammelten Informationen werden durch ein systematisch aufgebautes Akupressur-Programm angesteuert und verarbeitet. Das Programm arbeitet so, das schrittweise die genannten spezifischen Gehirnbereiche balanciert werden und so Informationen vom Kurzzeit- ins Langzeitged\u00e4chtnis abgespeichert werden. Diese Informationen k\u00f6nnen nach der Balance jederzeit aus dem Langzeitged\u00e4chtnis wieder ins Kurzzeitged\u00e4chtnis abgerufen werden, so dass sie den Klienten f\u00fcr konzentriertes Arbeiten zu Verf\u00fcgung stehen.<\/p><\/p>\n<\/div><\/div>\n\n\n\n<p><p style=\"text-align: justify;\">Dazu geh\u00f6rt eine Anfangserhebung die als Messlatte f\u00fcr sp\u00e4tere Ver\u00e4nderungen, die diejenigen Gebiete hervorheben, die der gr\u00f6\u00dften Aufmerksamkeit bed\u00fcrfen. Dann werden mehrere Sitzungen der Gehirnintegration gewidmet, die Grundlage f\u00fcr die nachfolgenden spezifischen Lernkorrekturen. Das Gehirnintegrationsverfahren baut Stress in den tiefen Gehirnzentren, einschlie\u00dflich des limbischen Systems ab, die den Zugriff zu den Hemisph\u00e4renfunktionen und ihre Integration kontrollieren. Sind die Gehirnintegrationsverfahren abgeschlossen, werden die spezifischen Lernkorrekturen in Lesef\u00e4higkeit und Verst\u00e4ndnis, Rechtschreibung bzw., Buchstabieren, Mathematik angewendet.<\/p><\/p>\n\n\n\n<p>Die von<strong> Dr. Charles T. Krebs, Alfred Schatz und Andrea Hahn <\/strong>ausgebildeten<strong>\u00a0<\/strong>LEAP\u00ae Practitioner gew\u00e4hrleisten eine korrekte Anwendung und Umsetzung des LEAP<sup>\u00ae<\/sup>\u00a0Programms.<\/p>\n","protected":false},"excerpt":{"rendered":"<p>Das LEAP\u00ae&nbsp;Programm (Learning Enhancement Advanced Program\u00ae) ist ein spezielles Programm zur Verbesserung der Lernf\u00e4higkeit und zur Integration spezifischer Gehirnfunktionen. Es gr\u00fcndet auf dem Modell, dass das Gehirn zwei separate aber komplement\u00e4re Arten der Verarbeitung hat, Logik und Gestalt. Obwohl wir wissen, dass sich diese Funktionen nicht ausschlie\u00dflich in der rechten und linken Hemisph\u00e4re befinden, wie [&hellip;]<\/p>\n","protected":false},"author":1,"featured_media":0,"parent":0,"menu_order":0,"comment_status":"closed","ping_status":"closed","template":"","meta":{"footnotes":""},"class_list":["post-396","page","type-page","status-publish","hentry"],"_links":{"self":[{"href":"https:\/\/b-c-balance.de\/index.php?rest_route=\/wp\/v2\/pages\/396","targetHints":{"allow":["GET"]}}],"collection":[{"href":"https:\/\/b-c-balance.de\/index.php?rest_route=\/wp\/v2\/pages"}],"about":[{"href":"https:\/\/b-c-balance.de\/index.php?rest_route=\/wp\/v2\/types\/page"}],"author":[{"embeddable":true,"href":"https:\/\/b-c-balance.de\/index.php?rest_route=\/wp\/v2\/users\/1"}],"replies":[{"embeddable":true,"href":"https:\/\/b-c-balance.de\/index.php?rest_route=%2Fwp%2Fv2%2Fcomments&post=396"}],"version-history":[{"count":12,"href":"https:\/\/b-c-balance.de\/index.php?rest_route=\/wp\/v2\/pages\/396\/revisions"}],"predecessor-version":[{"id":626,"href":"https:\/\/b-c-balance.de\/index.php?rest_route=\/wp\/v2\/pages\/396\/revisions\/626"}],"wp:attachment":[{"href":"https:\/\/b-c-balance.de\/index.php?rest_route=%2Fwp%2Fv2%2Fmedia&parent=396"}],"curies":[{"name":"wp","href":"https:\/\/api.w.org\/{rel}","templated":true}]}}