{"id":321,"date":"2020-12-17T11:56:21","date_gmt":"2020-12-17T11:56:21","guid":{"rendered":"https:\/\/themegrilldemos.com\/cenote\/?page_id=2"},"modified":"2025-12-03T15:48:17","modified_gmt":"2025-12-03T14:48:17","slug":"sample-page","status":"publish","type":"page","link":"https:\/\/b-c-balance.de\/","title":{"rendered":"\u00dcber Kinesiologie"},"content":{"rendered":"\n<div class=\"wp-block-media-text is-stacked-on-mobile\"><figure class=\"wp-block-media-text__media\"><img loading=\"lazy\" decoding=\"async\" width=\"1024\" height=\"536\" src=\"https:\/\/www.b-c-balance.de\/wp\/wp-content\/uploads\/2025\/11\/235934013-illustration-of-pelvic-floor-therapy-with-hands-holding-a-pelvis-surrounded-by-health-icons-1024x536.jpg\" alt=\"\" class=\"wp-image-343 size-full\" srcset=\"https:\/\/b-c-balance.de\/wp-content\/uploads\/2025\/11\/235934013-illustration-of-pelvic-floor-therapy-with-hands-holding-a-pelvis-surrounded-by-health-icons-1024x536.jpg 1024w, https:\/\/b-c-balance.de\/wp-content\/uploads\/2025\/11\/235934013-illustration-of-pelvic-floor-therapy-with-hands-holding-a-pelvis-surrounded-by-health-icons-300x157.jpg 300w, https:\/\/b-c-balance.de\/wp-content\/uploads\/2025\/11\/235934013-illustration-of-pelvic-floor-therapy-with-hands-holding-a-pelvis-surrounded-by-health-icons-768x402.jpg 768w, https:\/\/b-c-balance.de\/wp-content\/uploads\/2025\/11\/235934013-illustration-of-pelvic-floor-therapy-with-hands-holding-a-pelvis-surrounded-by-health-icons-600x314.jpg 600w, https:\/\/b-c-balance.de\/wp-content\/uploads\/2025\/11\/235934013-illustration-of-pelvic-floor-therapy-with-hands-holding-a-pelvis-surrounded-by-health-icons.jpg 1300w\" sizes=\"auto, (max-width: 1024px) 100vw, 1024px\" \/><\/figure><div class=\"wp-block-media-text__content\">\n<p style=\"text-align: justify;\">Kinesiologie ist ein ganzheitlicher Ansatz, der sich mit der Bewegung des K\u00f6rpers und dem Zusammenspiel von K\u00f6rper, Geist und Energie besch\u00e4ftigt. Mithilfe von Muskeltests lassen sich Belastungen oder Blockaden erkennen, die das Wohlbefinden beeinflussen k\u00f6nnen.<\/p>\n<\/div><\/div>\n\n\n\n<p><\/p>\n\n\n\n<p style=\"text-align: justify;\">Sie verbindet Erkenntnisse aus Medizin, Psychologie und traditioneller chinesischer Medizin. Ziel ist es, das innere Gleichgewicht zu f\u00f6rdern, Stress abzubauen und die Selbstregulation des K\u00f6rpers zu unterst\u00fctzen. Kinesiologie wird in Bereichen wie Gesundheitsf\u00f6rderung, Lernen und pers\u00f6nlicher Entwicklung eingesetzt und kann eine hilfreiche Erg\u00e4nzung zu anderen Methoden sein.<\/p>\n\n\n\n<p><\/p>\n","protected":false},"excerpt":{"rendered":"<p>Kinesiologie ist ein ganzheitlicher Ansatz, der sich mit der Bewegung des K\u00f6rpers und dem Zusammenspiel von K\u00f6rper, Geist und Energie besch\u00e4ftigt. Mithilfe von Muskeltests lassen sich Belastungen oder Blockaden erkennen, die das Wohlbefinden beeinflussen k\u00f6nnen. Sie verbindet Erkenntnisse aus Medizin, Psychologie und traditioneller chinesischer Medizin. Ziel ist es, das innere Gleichgewicht zu f\u00f6rdern, Stress abzubauen [&hellip;]<\/p>\n","protected":false},"author":1,"featured_media":0,"parent":0,"menu_order":0,"comment_status":"closed","ping_status":"open","template":"","meta":{"footnotes":""},"class_list":["post-321","page","type-page","status-publish","hentry"],"_links":{"self":[{"href":"https:\/\/b-c-balance.de\/index.php?rest_route=\/wp\/v2\/pages\/321","targetHints":{"allow":["GET"]}}],"collection":[{"href":"https:\/\/b-c-balance.de\/index.php?rest_route=\/wp\/v2\/pages"}],"about":[{"href":"https:\/\/b-c-balance.de\/index.php?rest_route=\/wp\/v2\/types\/page"}],"author":[{"embeddable":true,"href":"https:\/\/b-c-balance.de\/index.php?rest_route=\/wp\/v2\/users\/1"}],"replies":[{"embeddable":true,"href":"https:\/\/b-c-balance.de\/index.php?rest_route=%2Fwp%2Fv2%2Fcomments&post=321"}],"version-history":[{"count":15,"href":"https:\/\/b-c-balance.de\/index.php?rest_route=\/wp\/v2\/pages\/321\/revisions"}],"predecessor-version":[{"id":595,"href":"https:\/\/b-c-balance.de\/index.php?rest_route=\/wp\/v2\/pages\/321\/revisions\/595"}],"wp:attachment":[{"href":"https:\/\/b-c-balance.de\/index.php?rest_route=%2Fwp%2Fv2%2Fmedia&parent=321"}],"curies":[{"name":"wp","href":"https:\/\/api.w.org\/{rel}","templated":true}]}}